{"id":8217,"date":"2021-07-29T17:48:16","date_gmt":"2021-07-29T15:48:16","guid":{"rendered":"https:\/\/www.galeriefetzer.de\/impressum\/"},"modified":"2021-11-17T12:10:43","modified_gmt":"2021-11-17T11:10:43","slug":"impressum","status":"publish","type":"page","link":"https:\/\/www.galeriefetzer.de\/en\/impressum\/","title":{"rendered":"Impressum"},"content":{"rendered":"<p>VERANTWORTLICH F\u00dcR DEN INHALT DIESER SEITEN IST:<\/p>\n<p>GALERIE FETZER<br \/>\nSontheimer Stra\u00dfe 18<br \/>\n89567 Sontheim an der Brenz<\/p>\n<p>Vertreten durch: Christl Fetzer, Bernhard Fetzer<\/p>\n<p>Telefon: +49 (0) 7325 \u2013 6125<br \/>\nFax: +49 (0) 7325 \u2013 4495<\/p>\n<p>E-Mails bitte an: <a href=\"mailto:bfetzer@galeriefetzer.de\">bfetzer@galeriefetzer.de<\/a> oder<br \/>\n<a href=\"mailto:chfetzer@galeriefetzer.de\">chfetzer@galeriefetzer.de<\/a><\/p>\n<p>Umsatzsteuer-Identifikationsnummer: DE 145614493<br \/>\nHandelsregister: Ulm HRA 660825<br \/>\nKonzeption &amp; Layout: Prinzip GmbH<\/p>\n<p>Copyright: S\u00e4mtliche Inhalte dieser Website,insbesondere Texte und Abbildungen unterliegendem Copyright. Das Kopieren, Speichern, Reproduzierenund jede Verwendung von Texten und Abbildungen ohnedie schirftliche Genehmigung der Copyrightinhaber istausdr\u00fccklich untersagt. Haftungshinweis: Trotz sorgf\u00e4ltiger inhaltlicher Kontrolle\u00fcbernehmen wir keine Haftung f\u00fcr die Inhalte von Websites,auf die von dieser Website aus per Link verwiesen wird.<\/p>\n","protected":false},"excerpt":{"rendered":"<p>VERANTWORTLICH F\u00dcR DEN INHALT DIESER SEITEN IST: GALERIE FETZER Sontheimer Stra\u00dfe 18 89567 Sontheim an der Brenz Vertreten durch: Christl Fetzer, Bernhard Fetzer Telefon: +49 (0) 7325 \u2013 6125 Fax: +49 (0) 7325 \u2013 4495 E-Mails bitte an: bfetzer@galeriefetzer.de oder chfetzer@galeriefetzer.de Umsatzsteuer-Identifikationsnummer: DE 145614493 Handelsregister: Ulm HRA 660825 Konzeption &amp; Layout: Prinzip GmbH Copyright: S\u00e4mtliche [&hellip;]<\/p>\n","protected":false},"author":1,"featured_media":0,"parent":0,"menu_order":9,"comment_status":"closed","ping_status":"closed","template":"","meta":{"footnotes":""},"class_list":["post-8217","page","type-page","status-publish","hentry"],"acf":[],"_links":{"self":[{"href":"https:\/\/www.galeriefetzer.de\/en\/wp-json\/wp\/v2\/pages\/8217","targetHints":{"allow":["GET"]}}],"collection":[{"href":"https:\/\/www.galeriefetzer.de\/en\/wp-json\/wp\/v2\/pages"}],"about":[{"href":"https:\/\/www.galeriefetzer.de\/en\/wp-json\/wp\/v2\/types\/page"}],"author":[{"embeddable":true,"href":"https:\/\/www.galeriefetzer.de\/en\/wp-json\/wp\/v2\/users\/1"}],"replies":[{"embeddable":true,"href":"https:\/\/www.galeriefetzer.de\/en\/wp-json\/wp\/v2\/comments?post=8217"}],"version-history":[{"count":0,"href":"https:\/\/www.galeriefetzer.de\/en\/wp-json\/wp\/v2\/pages\/8217\/revisions"}],"wp:attachment":[{"href":"https:\/\/www.galeriefetzer.de\/en\/wp-json\/wp\/v2\/media?parent=8217"}],"curies":[{"name":"wp","href":"https:\/\/api.w.org\/{rel}","templated":true}]}}